{"id":13982,"date":"2024-05-15T20:45:38","date_gmt":"2024-05-15T20:45:38","guid":{"rendered":"https:\/\/umbralcultural.org\/?page_id=13982"},"modified":"2025-03-31T15:56:22","modified_gmt":"2025-03-31T21:56:22","slug":"contacto","status":"publish","type":"page","link":"https:\/\/umbralcultural.org\/en\/contacto\/","title":{"rendered":"Contacto"},"content":{"rendered":"<div data-elementor-type=\"wp-page\" data-elementor-id=\"13982\" class=\"elementor elementor-13982\" data-elementor-post-type=\"page\">\n\t\t\t\t\t\t<section class=\"elementor-section elementor-top-section elementor-element elementor-element-1992b457 elementor-section-stretched elementor-section-content-middle elementor-section-boxed elementor-section-height-default elementor-section-height-default\" data-id=\"1992b457\" data-element_type=\"section\" data-e-type=\"section\" data-settings=\"{&quot;stretch_section&quot;:&quot;section-stretched&quot;,&quot;background_background&quot;:&quot;classic&quot;}\">\n\t\t\t\t\t\t\t<div class=\"elementor-background-overlay\"><\/div>\n\t\t\t\t\t\t\t<div class=\"elementor-container elementor-column-gap-default\">\n\t\t\t\t\t<div class=\"elementor-column elementor-col-100 elementor-top-column elementor-element elementor-element-32c87c23\" data-id=\"32c87c23\" data-element_type=\"column\" data-e-type=\"column\">\n\t\t\t<div class=\"elementor-widget-wrap elementor-element-populated\">\n\t\t\t\t\t\t<div class=\"elementor-element elementor-element-1f3a07d1 elementor-widget elementor-widget-heading\" data-id=\"1f3a07d1\" data-element_type=\"widget\" data-e-type=\"widget\" data-widget_type=\"heading.default\">\n\t\t\t\t<div class=\"elementor-widget-container\">\n\t\t\t\t\t<h1 class=\"elementor-heading-title elementor-size-default\">Cont\u00e1ctanos<\/h1>\t\t\t\t<\/div>\n\t\t\t\t<\/div>\n\t\t\t\t\t<\/div>\n\t\t<\/div>\n\t\t\t\t\t<\/div>\n\t\t<\/section>\n\t\t\t\t<section class=\"elementor-section elementor-top-section elementor-element elementor-element-43491729 elementor-section-stretched elementor-section-boxed elementor-section-height-default elementor-section-height-default\" data-id=\"43491729\" data-element_type=\"section\" data-e-type=\"section\" data-settings=\"{&quot;stretch_section&quot;:&quot;section-stretched&quot;,&quot;background_background&quot;:&quot;classic&quot;}\">\n\t\t\t\t\t\t<div class=\"elementor-container elementor-column-gap-default\">\n\t\t\t\t\t<div class=\"elementor-column elementor-col-25 elementor-top-column elementor-element elementor-element-7d5e3340\" data-id=\"7d5e3340\" data-element_type=\"column\" data-e-type=\"column\">\n\t\t\t<div class=\"elementor-widget-wrap elementor-element-populated\">\n\t\t\t\t\t\t<div class=\"elementor-element elementor-element-fe51be4 elementor-widget elementor-widget-image\" data-id=\"fe51be4\" data-element_type=\"widget\" data-e-type=\"widget\" data-widget_type=\"image.default\">\n\t\t\t\t<div class=\"elementor-widget-container\">\n\t\t\t\t\t\t\t\t\t\t\t\t\t\t\t<img fetchpriority=\"high\" decoding=\"async\" width=\"2049\" height=\"1870\" src=\"https:\/\/umbralcultural.org\/wp-content\/uploads\/2024\/07\/Icon-1-01.png\" class=\"attachment-full size-full wp-image-14966\" alt=\"\" srcset=\"https:\/\/umbralcultural.org\/wp-content\/uploads\/2024\/07\/Icon-1-01.png 2049w, https:\/\/umbralcultural.org\/wp-content\/uploads\/2024\/07\/Icon-1-01-300x274.png 300w, https:\/\/umbralcultural.org\/wp-content\/uploads\/2024\/07\/Icon-1-01-1024x935.png 1024w, https:\/\/umbralcultural.org\/wp-content\/uploads\/2024\/07\/Icon-1-01-768x701.png 768w, https:\/\/umbralcultural.org\/wp-content\/uploads\/2024\/07\/Icon-1-01-1536x1402.png 1536w, https:\/\/umbralcultural.org\/wp-content\/uploads\/2024\/07\/Icon-1-01-13x12.png 13w, https:\/\/umbralcultural.org\/wp-content\/uploads\/2024\/07\/Icon-1-01-600x548.png 600w\" sizes=\"(max-width: 2049px) 100vw, 2049px\" \/>\t\t\t\t\t\t\t\t\t\t\t\t\t\t\t<\/div>\n\t\t\t\t<\/div>\n\t\t\t\t<div class=\"elementor-element elementor-element-d12a438 elementor-widget elementor-widget-heading\" data-id=\"d12a438\" data-element_type=\"widget\" data-e-type=\"widget\" data-widget_type=\"heading.default\">\n\t\t\t\t<div class=\"elementor-widget-container\">\n\t\t\t\t\t<p class=\"elementor-heading-title elementor-size-default\">Si eres una persona artista o creadora, Ya sea de manera independiente o por medio de alguna compa\u00f1\u00eda, y tienes un proyecto art\u00edstico con enfoque social que necesita ayuda en cuestiones de producci\u00f3n, log\u00edstica o estrategias de fondeo. ; o bien, te interesa asesorarte sobre la manera ideal de agregar responsabilidad social a tus proyectos creativos.\n<\/p>\t\t\t\t<\/div>\n\t\t\t\t<\/div>\n\t\t\t\t\t<\/div>\n\t\t<\/div>\n\t\t\t\t<div class=\"elementor-column elementor-col-25 elementor-top-column elementor-element elementor-element-521d209a\" data-id=\"521d209a\" data-element_type=\"column\" data-e-type=\"column\">\n\t\t\t<div class=\"elementor-widget-wrap elementor-element-populated\">\n\t\t\t\t\t\t<div class=\"elementor-element elementor-element-5afeaf4f elementor-widget elementor-widget-image\" data-id=\"5afeaf4f\" data-element_type=\"widget\" data-e-type=\"widget\" data-widget_type=\"image.default\">\n\t\t\t\t<div class=\"elementor-widget-container\">\n\t\t\t\t\t\t\t\t\t\t\t\t\t\t\t<img decoding=\"async\" width=\"2049\" height=\"1870\" src=\"https:\/\/umbralcultural.org\/wp-content\/uploads\/2024\/07\/Icon-02-01.png\" class=\"attachment-full size-full wp-image-14970\" alt=\"\" srcset=\"https:\/\/umbralcultural.org\/wp-content\/uploads\/2024\/07\/Icon-02-01.png 2049w, https:\/\/umbralcultural.org\/wp-content\/uploads\/2024\/07\/Icon-02-01-300x274.png 300w, https:\/\/umbralcultural.org\/wp-content\/uploads\/2024\/07\/Icon-02-01-1024x935.png 1024w, https:\/\/umbralcultural.org\/wp-content\/uploads\/2024\/07\/Icon-02-01-768x701.png 768w, https:\/\/umbralcultural.org\/wp-content\/uploads\/2024\/07\/Icon-02-01-1536x1402.png 1536w, https:\/\/umbralcultural.org\/wp-content\/uploads\/2024\/07\/Icon-02-01-13x12.png 13w, https:\/\/umbralcultural.org\/wp-content\/uploads\/2024\/07\/Icon-02-01-600x548.png 600w\" sizes=\"(max-width: 2049px) 100vw, 2049px\" \/>\t\t\t\t\t\t\t\t\t\t\t\t\t\t\t<\/div>\n\t\t\t\t<\/div>\n\t\t\t\t<div class=\"elementor-element elementor-element-f153bb5 elementor-widget elementor-widget-heading\" data-id=\"f153bb5\" data-element_type=\"widget\" data-e-type=\"widget\" data-widget_type=\"heading.default\">\n\t\t\t\t<div class=\"elementor-widget-container\">\n\t\t\t\t\t<p class=\"elementor-heading-title elementor-size-default\">Si representas o eres una persona propietaria de una empresa y te interesa crear una estrategia de responsabilidad social que apoye no s\u00f3lo diferentes causas sociales, sino tambi\u00e9n la creaci\u00f3n, formaci\u00f3n y difusi\u00f3n art\u00edstica, obteniendo beneficios importantes de difusi\u00f3n y presencia de marca para tu empresa o producto.<\/p>\t\t\t\t<\/div>\n\t\t\t\t<\/div>\n\t\t\t\t\t<\/div>\n\t\t<\/div>\n\t\t\t\t<div class=\"elementor-column elementor-col-25 elementor-top-column elementor-element elementor-element-124fa301\" data-id=\"124fa301\" data-element_type=\"column\" data-e-type=\"column\">\n\t\t\t<div class=\"elementor-widget-wrap elementor-element-populated\">\n\t\t\t\t\t\t<div class=\"elementor-element elementor-element-68cf2ec elementor-widget elementor-widget-image\" data-id=\"68cf2ec\" data-element_type=\"widget\" data-e-type=\"widget\" data-widget_type=\"image.default\">\n\t\t\t\t<div class=\"elementor-widget-container\">\n\t\t\t\t\t\t\t\t\t\t\t\t\t\t\t<img decoding=\"async\" width=\"2049\" height=\"1870\" src=\"https:\/\/umbralcultural.org\/wp-content\/uploads\/2024\/07\/Icon-03-01.png\" class=\"attachment-full size-full wp-image-14974\" alt=\"\" srcset=\"https:\/\/umbralcultural.org\/wp-content\/uploads\/2024\/07\/Icon-03-01.png 2049w, https:\/\/umbralcultural.org\/wp-content\/uploads\/2024\/07\/Icon-03-01-300x274.png 300w, https:\/\/umbralcultural.org\/wp-content\/uploads\/2024\/07\/Icon-03-01-1024x935.png 1024w, https:\/\/umbralcultural.org\/wp-content\/uploads\/2024\/07\/Icon-03-01-768x701.png 768w, https:\/\/umbralcultural.org\/wp-content\/uploads\/2024\/07\/Icon-03-01-1536x1402.png 1536w, https:\/\/umbralcultural.org\/wp-content\/uploads\/2024\/07\/Icon-03-01-13x12.png 13w, https:\/\/umbralcultural.org\/wp-content\/uploads\/2024\/07\/Icon-03-01-600x548.png 600w\" sizes=\"(max-width: 2049px) 100vw, 2049px\" \/>\t\t\t\t\t\t\t\t\t\t\t\t\t\t\t<\/div>\n\t\t\t\t<\/div>\n\t\t\t\t<div class=\"elementor-element elementor-element-2f10516 elementor-widget elementor-widget-heading\" data-id=\"2f10516\" data-element_type=\"widget\" data-e-type=\"widget\" data-widget_type=\"heading.default\">\n\t\t\t\t<div class=\"elementor-widget-container\">\n\t\t\t\t\t<p class=\"elementor-heading-title elementor-size-default\">Si eres docente, tallerista o instituci\u00f3n educativa relacionada con cualquier actividad art\u00edstica y te interesa impartir temas relacionados con la responsabilidad social a trav\u00e9s del arte.<\/p>\t\t\t\t<\/div>\n\t\t\t\t<\/div>\n\t\t\t\t\t<\/div>\n\t\t<\/div>\n\t\t\t\t<div class=\"elementor-column elementor-col-25 elementor-top-column elementor-element elementor-element-469a77c6\" data-id=\"469a77c6\" data-element_type=\"column\" data-e-type=\"column\">\n\t\t\t<div class=\"elementor-widget-wrap elementor-element-populated\">\n\t\t\t\t\t\t<div class=\"elementor-element elementor-element-1f54ad5 elementor-widget elementor-widget-image\" data-id=\"1f54ad5\" data-element_type=\"widget\" data-e-type=\"widget\" data-widget_type=\"image.default\">\n\t\t\t\t<div class=\"elementor-widget-container\">\n\t\t\t\t\t\t\t\t\t\t\t\t\t\t\t<img loading=\"lazy\" decoding=\"async\" width=\"2049\" height=\"1870\" src=\"https:\/\/umbralcultural.org\/wp-content\/uploads\/2024\/07\/Icon-4-01.png\" class=\"attachment-full size-full wp-image-14978\" alt=\"\" srcset=\"https:\/\/umbralcultural.org\/wp-content\/uploads\/2024\/07\/Icon-4-01.png 2049w, https:\/\/umbralcultural.org\/wp-content\/uploads\/2024\/07\/Icon-4-01-300x274.png 300w, https:\/\/umbralcultural.org\/wp-content\/uploads\/2024\/07\/Icon-4-01-1024x935.png 1024w, https:\/\/umbralcultural.org\/wp-content\/uploads\/2024\/07\/Icon-4-01-768x701.png 768w, https:\/\/umbralcultural.org\/wp-content\/uploads\/2024\/07\/Icon-4-01-1536x1402.png 1536w, https:\/\/umbralcultural.org\/wp-content\/uploads\/2024\/07\/Icon-4-01-13x12.png 13w, https:\/\/umbralcultural.org\/wp-content\/uploads\/2024\/07\/Icon-4-01-600x548.png 600w\" sizes=\"(max-width: 2049px) 100vw, 2049px\" \/>\t\t\t\t\t\t\t\t\t\t\t\t\t\t\t<\/div>\n\t\t\t\t<\/div>\n\t\t\t\t<div class=\"elementor-element elementor-element-7a5cafa elementor-widget elementor-widget-heading\" data-id=\"7a5cafa\" data-element_type=\"widget\" data-e-type=\"widget\" data-widget_type=\"heading.default\">\n\t\t\t\t<div class=\"elementor-widget-container\">\n\t\t\t\t\t<p class=\"elementor-heading-title elementor-size-default\">Si est\u00e1s organizando alg\u00fan congreso, encuentro, evento corporativo y quieres apoyar alguna causa social adquiriendo los servicios de producci\u00f3n y log\u00edstica de tu evento a trav\u00e9s de nuestra asociaci\u00f3n.<\/p>\t\t\t\t<\/div>\n\t\t\t\t<\/div>\n\t\t\t\t\t<\/div>\n\t\t<\/div>\n\t\t\t\t\t<\/div>\n\t\t<\/section>\n\t\t\t\t<section class=\"elementor-section elementor-top-section elementor-element elementor-element-19f15ff5 elementor-section-stretched elementor-section-content-middle elementor-section-boxed elementor-section-height-default elementor-section-height-default\" data-id=\"19f15ff5\" data-element_type=\"section\" data-e-type=\"section\" data-settings=\"{&quot;stretch_section&quot;:&quot;section-stretched&quot;,&quot;background_background&quot;:&quot;classic&quot;}\">\n\t\t\t\t\t\t\t<div class=\"elementor-background-overlay\"><\/div>\n\t\t\t\t\t\t\t<div class=\"elementor-container elementor-column-gap-default\">\n\t\t\t\t\t<div class=\"elementor-column elementor-col-50 elementor-top-column elementor-element elementor-element-48701b38\" data-id=\"48701b38\" data-element_type=\"column\" data-e-type=\"column\">\n\t\t\t<div class=\"elementor-widget-wrap elementor-element-populated\">\n\t\t\t\t\t\t<div class=\"elementor-element elementor-element-7e36b2bf elementor-widget elementor-widget-heading\" data-id=\"7e36b2bf\" data-element_type=\"widget\" data-e-type=\"widget\" data-widget_type=\"heading.default\">\n\t\t\t\t<div class=\"elementor-widget-container\">\n\t\t\t\t\t<h5 class=\"elementor-heading-title elementor-size-default\">NUESTRO EQUIPO<\/h5>\t\t\t\t<\/div>\n\t\t\t\t<\/div>\n\t\t\t\t<div class=\"elementor-element elementor-element-59e67a5c elementor-widget elementor-widget-heading\" data-id=\"59e67a5c\" data-element_type=\"widget\" data-e-type=\"widget\" data-widget_type=\"heading.default\">\n\t\t\t\t<div class=\"elementor-widget-container\">\n\t\t\t\t\t<h2 class=\"elementor-heading-title elementor-size-default\">CON\u00d3CENOS<\/h2>\t\t\t\t<\/div>\n\t\t\t\t<\/div>\n\t\t\t\t<div class=\"elementor-element elementor-element-5ab033a8 elementor-position-left elementor-vertical-align-top elementor-widget elementor-widget-image-box\" data-id=\"5ab033a8\" data-element_type=\"widget\" data-e-type=\"widget\" data-widget_type=\"image-box.default\">\n\t\t\t\t<div class=\"elementor-widget-container\">\n\t\t\t\t\t<div class=\"elementor-image-box-wrapper\"><figure class=\"elementor-image-box-img\"><img loading=\"lazy\" decoding=\"async\" width=\"150\" height=\"150\" src=\"https:\/\/umbralcultural.org\/wp-content\/uploads\/2024\/05\/PHOTO-2024-05-14-15-38-571-150x150.jpg\" class=\"attachment-thumbnail size-thumbnail wp-image-14055\" alt=\"\" srcset=\"https:\/\/umbralcultural.org\/wp-content\/uploads\/2024\/05\/PHOTO-2024-05-14-15-38-571-150x150.jpg 150w, https:\/\/umbralcultural.org\/wp-content\/uploads\/2024\/05\/PHOTO-2024-05-14-15-38-571-720x720.jpg 720w, https:\/\/umbralcultural.org\/wp-content\/uploads\/2024\/05\/PHOTO-2024-05-14-15-38-571-200x200.jpg 200w, https:\/\/umbralcultural.org\/wp-content\/uploads\/2024\/05\/PHOTO-2024-05-14-15-38-571-300x300.jpg 300w, https:\/\/umbralcultural.org\/wp-content\/uploads\/2024\/05\/PHOTO-2024-05-14-15-38-571-100x100.jpg 100w\" sizes=\"(max-width: 150px) 100vw, 150px\" \/><\/figure><div class=\"elementor-image-box-content\"><h4 class=\"elementor-image-box-title\">Sandra Jim\u00e9nez Loza<\/h4><p class=\"elementor-image-box-description\">Directora de Cine y Teatro \/ Escritora de Proyectos Art\u00edsticos.\n<br \/>\nsandra@umbralcultural.org \n\n<\/p><\/div><\/div>\t\t\t\t<\/div>\n\t\t\t\t<\/div>\n\t\t\t\t<div class=\"elementor-element elementor-element-0e25eed elementor-position-left elementor-vertical-align-top elementor-widget elementor-widget-image-box\" data-id=\"0e25eed\" data-element_type=\"widget\" data-e-type=\"widget\" data-widget_type=\"image-box.default\">\n\t\t\t\t<div class=\"elementor-widget-container\">\n\t\t\t\t\t<div class=\"elementor-image-box-wrapper\"><figure class=\"elementor-image-box-img\"><img loading=\"lazy\" decoding=\"async\" width=\"150\" height=\"150\" src=\"https:\/\/umbralcultural.org\/wp-content\/uploads\/2024\/05\/PHOTO-2024-05-14-15-38-57-2-150x150.jpg\" class=\"attachment-thumbnail size-thumbnail wp-image-14266\" alt=\"\" srcset=\"https:\/\/umbralcultural.org\/wp-content\/uploads\/2024\/05\/PHOTO-2024-05-14-15-38-57-2-150x150.jpg 150w, https:\/\/umbralcultural.org\/wp-content\/uploads\/2024\/05\/PHOTO-2024-05-14-15-38-57-2-720x720.jpg 720w, https:\/\/umbralcultural.org\/wp-content\/uploads\/2024\/05\/PHOTO-2024-05-14-15-38-57-2-200x200.jpg 200w, https:\/\/umbralcultural.org\/wp-content\/uploads\/2024\/05\/PHOTO-2024-05-14-15-38-57-2-300x300.jpg 300w, https:\/\/umbralcultural.org\/wp-content\/uploads\/2024\/05\/PHOTO-2024-05-14-15-38-57-2-100x100.jpg 100w\" sizes=\"(max-width: 150px) 100vw, 150px\" \/><\/figure><div class=\"elementor-image-box-content\"><h4 class=\"elementor-image-box-title\">Adriana Barrera Ch\u00e1vez<\/h4><p class=\"elementor-image-box-description\">Productora \/ Dise\u00f1adora de Vestuario\n<br \/>\nadrianabach@umbralcultural.org<\/p><\/div><\/div>\t\t\t\t<\/div>\n\t\t\t\t<\/div>\n\t\t\t\t<div class=\"elementor-element elementor-element-6c53f62 elementor-position-left elementor-hidden-desktop elementor-hidden-tablet elementor-hidden-mobile elementor-vertical-align-top elementor-widget elementor-widget-image-box\" data-id=\"6c53f62\" data-element_type=\"widget\" data-e-type=\"widget\" data-widget_type=\"image-box.default\">\n\t\t\t\t<div class=\"elementor-widget-container\">\n\t\t\t\t\t<div class=\"elementor-image-box-wrapper\"><figure class=\"elementor-image-box-img\"><img loading=\"lazy\" decoding=\"async\" width=\"720\" height=\"720\" src=\"https:\/\/umbralcultural.org\/wp-content\/uploads\/2024\/05\/maru-720x720.jpg\" class=\"attachment-nd_cc_image_size_720_720 size-nd_cc_image_size_720_720 wp-image-14253\" alt=\"\" srcset=\"https:\/\/umbralcultural.org\/wp-content\/uploads\/2024\/05\/maru-720x720.jpg 720w, https:\/\/umbralcultural.org\/wp-content\/uploads\/2024\/05\/maru-150x150.jpg 150w, https:\/\/umbralcultural.org\/wp-content\/uploads\/2024\/05\/maru-200x200.jpg 200w, https:\/\/umbralcultural.org\/wp-content\/uploads\/2024\/05\/maru-300x300.jpg 300w, https:\/\/umbralcultural.org\/wp-content\/uploads\/2024\/05\/maru-100x100.jpg 100w\" sizes=\"(max-width: 720px) 100vw, 720px\" \/><\/figure><div class=\"elementor-image-box-content\"><h4 class=\"elementor-image-box-title\">Maru Arias Fuente<\/h4><p class=\"elementor-image-box-description\">Productora \/ M\u00e1nager de Artistas \/ Directora de Cine.\n<br \/>\nmaru@umbralcultural.org<\/p><\/div><\/div>\t\t\t\t<\/div>\n\t\t\t\t<\/div>\n\t\t\t\t\t<\/div>\n\t\t<\/div>\n\t\t\t\t<div class=\"elementor-column elementor-col-50 elementor-top-column elementor-element elementor-element-6827ddb4\" data-id=\"6827ddb4\" data-element_type=\"column\" data-e-type=\"column\" data-settings=\"{&quot;background_background&quot;:&quot;classic&quot;}\">\n\t\t\t<div class=\"elementor-widget-wrap elementor-element-populated\">\n\t\t\t\t\t\t<section class=\"elementor-section elementor-inner-section elementor-element elementor-element-7b0cc3f1 elementor-section-boxed elementor-section-height-default elementor-section-height-default\" data-id=\"7b0cc3f1\" data-element_type=\"section\" data-e-type=\"section\" data-settings=\"{&quot;background_background&quot;:&quot;classic&quot;}\">\n\t\t\t\t\t\t<div class=\"elementor-container elementor-column-gap-default\">\n\t\t\t\t\t<div class=\"elementor-column elementor-col-100 elementor-inner-column elementor-element elementor-element-15b02bd7\" data-id=\"15b02bd7\" data-element_type=\"column\" data-e-type=\"column\">\n\t\t\t<div class=\"elementor-widget-wrap elementor-element-populated\">\n\t\t\t\t\t\t<div class=\"elementor-element elementor-element-c88172b elementor-widget elementor-widget-heading\" data-id=\"c88172b\" data-element_type=\"widget\" data-e-type=\"widget\" data-widget_type=\"heading.default\">\n\t\t\t\t<div class=\"elementor-widget-container\">\n\t\t\t\t\t<h4 class=\"elementor-heading-title elementor-size-default\">Cont\u00e1ctanos<\/h4>\t\t\t\t<\/div>\n\t\t\t\t<\/div>\n\t\t\t\t<div class=\"elementor-element elementor-element-2cca9604 elementor-widget elementor-widget-cf7\" data-id=\"2cca9604\" data-element_type=\"widget\" data-e-type=\"widget\" data-widget_type=\"cf7.default\">\n\t\t\t\t<div class=\"elementor-widget-container\">\n\t\t\t\t\t\n\t\t<div class=\"nd_elements_cf7_component\">\n\t\t\t\n<div class=\"wpcf7 no-js\" id=\"wpcf7-f1450-o1\" lang=\"en-US\" dir=\"ltr\" data-wpcf7-id=\"1450\">\n<div class=\"screen-reader-response\"><p role=\"status\" aria-live=\"polite\" aria-atomic=\"true\"><\/p> <ul><\/ul><\/div>\n<form action=\"\/en\/wp-json\/wp\/v2\/pages\/13982#wpcf7-f1450-o1\" method=\"post\" class=\"wpcf7-form init\" aria-label=\"Contact form\" novalidate=\"novalidate\" data-status=\"init\" data-trp-original-action=\"\/en\/wp-json\/wp\/v2\/pages\/13982#wpcf7-f1450-o1\">\n<fieldset class=\"hidden-fields-container\"><input type=\"hidden\" name=\"_wpcf7\" value=\"1450\" \/><input type=\"hidden\" name=\"_wpcf7_version\" value=\"6.1.5\" \/><input type=\"hidden\" name=\"_wpcf7_locale\" value=\"en_US\" \/><input type=\"hidden\" name=\"_wpcf7_unit_tag\" value=\"wpcf7-f1450-o1\" \/><input type=\"hidden\" name=\"_wpcf7_container_post\" value=\"0\" \/><input type=\"hidden\" name=\"_wpcf7_posted_data_hash\" value=\"\" \/><input type=\"hidden\" name=\"_wpcf7_recaptcha_response\" value=\"\" \/>\n<\/fieldset>\n<p><span class=\"wpcf7-form-control-wrap\" data-name=\"email-943\"><input size=\"40\" maxlength=\"400\" class=\"wpcf7-form-control wpcf7-email wpcf7-validates-as-required wpcf7-text wpcf7-validates-as-email\" aria-required=\"true\" aria-invalid=\"false\" placeholder=\"Correo\" value=\"\" type=\"email\" name=\"email-943\" \/><\/span><br \/>\n<span class=\"wpcf7-form-control-wrap\" data-name=\"textarea-251\"><textarea cols=\"40\" rows=\"7\" maxlength=\"2000\" class=\"wpcf7-form-control wpcf7-textarea wpcf7-validates-as-required\" aria-required=\"true\" aria-invalid=\"false\" placeholder=\"Mensaje\" name=\"textarea-251\"><\/textarea><\/span>\n<\/p>\n<p><input class=\"wpcf7-form-control wpcf7-submit has-spinner\" type=\"submit\" value=\"Enviar\" \/>\n<\/p><div class=\"wpcf7-response-output\" aria-hidden=\"true\"><\/div>\n<input type=\"hidden\" name=\"trp-form-language\" value=\"en\"\/><\/form>\n<\/div>\n\n\t\t<\/div>\t\t\t\t<\/div>\n\t\t\t\t<\/div>\n\t\t\t\t\t<\/div>\n\t\t<\/div>\n\t\t\t\t\t<\/div>\n\t\t<\/section>\n\t\t\t\t\t<\/div>\n\t\t<\/div>\n\t\t\t\t\t<\/div>\n\t\t<\/section>\n\t\t\t\t<\/div>","protected":false},"excerpt":{"rendered":"<p>Cont\u00e1ctanos Si eres una persona artista o creadora, Ya sea de manera independiente o por medio de alguna compa\u00f1\u00eda, y tienes un proyecto art\u00edstico con enfoque social que necesita ayuda [&hellip;]<\/p>\n","protected":false},"author":1,"featured_media":0,"parent":0,"menu_order":0,"comment_status":"closed","ping_status":"closed","template":"","meta":{"give_campaign_id":0,"_price":"","_stock":"","_tribe_ticket_header":"","_tribe_default_ticket_provider":"","_tribe_ticket_capacity":"0","_ticket_start_date":"","_ticket_end_date":"","_tribe_ticket_show_description":"","_tribe_ticket_show_not_going":false,"_tribe_ticket_use_global_stock":"","_tribe_ticket_global_stock_level":"","_global_stock_mode":"","_global_stock_cap":"","_tribe_rsvp_for_event":"","_tribe_ticket_going_count":"","_tribe_ticket_not_going_count":"","_tribe_tickets_list":"[]","_tribe_ticket_has_attendee_info_fields":false,"footnotes":"","_tec_slr_enabled":"","_tec_slr_layout":""},"class_list":["post-13982","page","type-page","status-publish","hentry"],"campaignId":"","ticketed":false,"_links":{"self":[{"href":"https:\/\/umbralcultural.org\/en\/wp-json\/wp\/v2\/pages\/13982","targetHints":{"allow":["GET"]}}],"collection":[{"href":"https:\/\/umbralcultural.org\/en\/wp-json\/wp\/v2\/pages"}],"about":[{"href":"https:\/\/umbralcultural.org\/en\/wp-json\/wp\/v2\/types\/page"}],"author":[{"embeddable":true,"href":"https:\/\/umbralcultural.org\/en\/wp-json\/wp\/v2\/users\/1"}],"replies":[{"embeddable":true,"href":"https:\/\/umbralcultural.org\/en\/wp-json\/wp\/v2\/comments?post=13982"}],"version-history":[{"count":65,"href":"https:\/\/umbralcultural.org\/en\/wp-json\/wp\/v2\/pages\/13982\/revisions"}],"predecessor-version":[{"id":15865,"href":"https:\/\/umbralcultural.org\/en\/wp-json\/wp\/v2\/pages\/13982\/revisions\/15865"}],"wp:attachment":[{"href":"https:\/\/umbralcultural.org\/en\/wp-json\/wp\/v2\/media?parent=13982"}],"curies":[{"name":"wp","href":"https:\/\/api.w.org\/{rel}","templated":true}]}}